{"id":25,"date":"2020-03-17T10:53:28","date_gmt":"2020-03-17T09:53:28","guid":{"rendered":"https:\/\/bogensportverband-salzburg.at\/?page_id=25"},"modified":"2025-11-15T13:34:33","modified_gmt":"2025-11-15T12:34:33","slug":"the-new-umoma-opens-its-doors-2","status":"publish","type":"page","link":"https:\/\/bogensportverband-salzburg.at\/","title":{"rendered":"Bogensport in Salzburg"},"content":{"rendered":"\n<p class=\"has-medium-font-size\"><strong><em>NEWS<\/em><\/strong><\/p>\n\n\n\n<p><strong>Offenes Verbanstraining des Salzburger Bogensportverbandes Wintersaison 2025\/26<\/strong><br>Wir d\u00fcrfen herzlich zu zwei Trainings im Winter einladen!<\/p>\n\n\n\n<div class=\"wp-block-file\"><a id=\"wp-block-file--media-4a38a0e2-8c5a-491b-b0fa-18a61da92d3f\" href=\"https:\/\/bogensportverband-salzburg.at\/wp-content\/uploads\/2025\/11\/indoortraining-sbsv2025-26.pdf\">indoortraining-sbsv2025-26<\/a><a href=\"https:\/\/bogensportverband-salzburg.at\/wp-content\/uploads\/2025\/11\/indoortraining-sbsv2025-26.pdf\" class=\"wp-block-file__button wp-element-button\" download aria-describedby=\"wp-block-file--media-4a38a0e2-8c5a-491b-b0fa-18a61da92d3f\">Herunterladen<\/a><\/div>\n\n\n\n<p>Anmeldung: <a href=\"https:\/\/www.club3-d.com\/startseite\/eigene-turniere\/anmeldung-sbsv\">https:\/\/www.club3-d.com\/startseite\/eigene-turniere\/anmeldung-sbsv<\/a><\/p>\n\n\n\n<hr class=\"wp-block-separator has-alpha-channel-opacity\"\/>\n\n\n\n<p><strong>Ordentliche Generalversammlung, 19.08.2025 in Salzburg<\/strong><br>Wir durften einen konstruktiven Abend mit unseren Mitgliedsvereinen verbringen, ein paar R\u00fcckblicke und Zuckunftsausblicke waren Thema. Im Zuge der GV wurden auch nach 3 Jahren wieder Wahlen veranstaltet. Unser bestehender Vorstand wurde einstimmig wiedergew\u00e4hlt, inkl. Kassapr\u00fcfer. Herzlichen Dank f\u00fcr Euer Vertrauen und herzlichen Dank an meine Vorstandskollegen und die Kassapr\u00fcfer f\u00fcrs weiter &#8211; Arbeiten!<\/p>\n\n\n\n<hr class=\"wp-block-separator has-alpha-channel-opacity\"\/>\n\n\n\n<p><strong><em>\u00dcbungsleiter Ausbildung<\/em><\/strong> <br>2024 in Henndorf<\/p>\n\n\n\n<div class=\"wp-block-file\"><a id=\"wp-block-file--media-6ff09707-9923-45ca-a366-ce689de2b0bb\" href=\"https:\/\/bogensportverband-salzburg.at\/wp-content\/uploads\/2024\/06\/U\u0308L-2024.pdf\">\u00dcbungsleiter Ausbildung 2024<\/a><a href=\"https:\/\/bogensportverband-salzburg.at\/wp-content\/uploads\/2024\/06\/U\u0308L-2024.pdf\" class=\"wp-block-file__button wp-element-button\" download aria-describedby=\"wp-block-file--media-6ff09707-9923-45ca-a366-ce689de2b0bb\">Herunterladen<\/a><\/div>\n\n\n\n<hr class=\"wp-block-separator has-alpha-channel-opacity\"\/>\n\n\n\n<p><em><strong>\u00dcbungsleiter Forbildungen<\/strong><\/em><\/p>\n\n\n\n<p>Dieses Jahr finden zwei Fortbildungen in Salzburg statt, eine im August in Henndorf und eine im Oktober in Viehhofen. <\/p>\n\n\n\n<div class=\"wp-block-file\"><a id=\"wp-block-file--media-65e33bdf-ba68-4628-ab8c-22834e05e231\" href=\"https:\/\/bogensportverband-salzburg.at\/wp-content\/uploads\/2024\/06\/WB-August_2024.pdf\">Weiterbildung August<\/a><a href=\"https:\/\/bogensportverband-salzburg.at\/wp-content\/uploads\/2024\/06\/WB-August_2024.pdf\" class=\"wp-block-file__button wp-element-button\" download aria-describedby=\"wp-block-file--media-65e33bdf-ba68-4628-ab8c-22834e05e231\">Herunterladen<\/a><\/div>\n\n\n\n<div class=\"wp-block-file\"><a id=\"wp-block-file--media-453e91fe-95c9-4edf-80a3-ee2b930e633c\" href=\"https:\/\/bogensportverband-salzburg.at\/wp-content\/uploads\/2024\/06\/WB-Viehhofen_2024.pdf\">Weiterbildung Oktober<\/a><a href=\"https:\/\/bogensportverband-salzburg.at\/wp-content\/uploads\/2024\/06\/WB-Viehhofen_2024.pdf\" class=\"wp-block-file__button wp-element-button\" download aria-describedby=\"wp-block-file--media-453e91fe-95c9-4edf-80a3-ee2b930e633c\">Herunterladen<\/a><\/div>\n\n\n\n<hr class=\"wp-block-separator has-alpha-channel-opacity\"\/>\n\n\n\n<p><strong><em>Next Archery Generation<\/em><\/strong><\/p>\n\n\n\n<p>Der erste Termin fand am 05.05.2024 beim UBSC Flachgau in Henndorf statt.<br>5 Junge motivierte Sch\u00fctzen waren am Start. <br>Der n\u00e4chste Termin findet am Sonntag, den 02. Juni wieder beim UBSC Flachgau statt.<\/p>\n\n\n\n<p>Sollte noch jemand Interesse haben dabei zu sein &#8211; gerne per Mail bei uns melden!<br><\/p>\n\n\n\n<p>Danke an Petra, unsere Jugendreferentin f\u00fcrs Austragen, den UBSC Flachgau f\u00fcr die tolle Trainingsm\u00f6glichkeit und den Kids und den Eltern f\u00fcrs dabei sein!<\/p>\n\n\n\n<figure class=\"wp-block-image size-large\"><img loading=\"lazy\" decoding=\"async\" width=\"1024\" height=\"768\" src=\"https:\/\/bogensportverband-salzburg.at\/wp-content\/uploads\/2024\/05\/20240505_123729-1024x768.jpg\" alt=\"\" class=\"wp-image-425\" srcset=\"https:\/\/bogensportverband-salzburg.at\/wp-content\/uploads\/2024\/05\/20240505_123729-1024x768.jpg 1024w, https:\/\/bogensportverband-salzburg.at\/wp-content\/uploads\/2024\/05\/20240505_123729-300x225.jpg 300w, https:\/\/bogensportverband-salzburg.at\/wp-content\/uploads\/2024\/05\/20240505_123729-768x576.jpg 768w, https:\/\/bogensportverband-salzburg.at\/wp-content\/uploads\/2024\/05\/20240505_123729-1536x1152.jpg 1536w, https:\/\/bogensportverband-salzburg.at\/wp-content\/uploads\/2024\/05\/20240505_123729-2048x1536.jpg 2048w, https:\/\/bogensportverband-salzburg.at\/wp-content\/uploads\/2024\/05\/20240505_123729-1600x1200.jpg 1600w\" sizes=\"auto, (max-width: 1024px) 100vw, 1024px\" \/><\/figure>\n\n\n\n<hr class=\"wp-block-separator has-css-opacity\"\/>\n\n\n\n<hr class=\"wp-block-separator has-css-opacity\"\/>\n\n\n\n<p>Informationen rund um den \u00d6sterreichischen Bogensport: <a href=\"http:\/\/www.archeryaustria.net\">http:\/\/www.archeryaustria.net<\/a><\/p>\n\n\n\n<p><\/p>\n\n\n\n<p><\/p>\n","protected":false},"excerpt":{"rendered":"<p>NEWS Offenes Verbanstraining des Salzburger Bogensportverbandes Wintersaison 2025\/26Wir d\u00fcrfen herzlich zu zwei Trainings im Winter einladen! Anmeldung: https:\/\/www.club3-d.com\/startseite\/eigene-turniere\/anmeldung-sbsv Ordentliche Generalversammlung,&hellip;<\/p>\n","protected":false},"author":1,"featured_media":69,"parent":0,"menu_order":0,"comment_status":"closed","ping_status":"closed","template":"","meta":{"footnotes":""},"class_list":["post-25","page","type-page","status-publish","has-post-thumbnail","hentry"],"_links":{"self":[{"href":"https:\/\/bogensportverband-salzburg.at\/index.php?rest_route=\/wp\/v2\/pages\/25","targetHints":{"allow":["GET"]}}],"collection":[{"href":"https:\/\/bogensportverband-salzburg.at\/index.php?rest_route=\/wp\/v2\/pages"}],"about":[{"href":"https:\/\/bogensportverband-salzburg.at\/index.php?rest_route=\/wp\/v2\/types\/page"}],"author":[{"embeddable":true,"href":"https:\/\/bogensportverband-salzburg.at\/index.php?rest_route=\/wp\/v2\/users\/1"}],"replies":[{"embeddable":true,"href":"https:\/\/bogensportverband-salzburg.at\/index.php?rest_route=%2Fwp%2Fv2%2Fcomments&post=25"}],"version-history":[{"count":33,"href":"https:\/\/bogensportverband-salzburg.at\/index.php?rest_route=\/wp\/v2\/pages\/25\/revisions"}],"predecessor-version":[{"id":517,"href":"https:\/\/bogensportverband-salzburg.at\/index.php?rest_route=\/wp\/v2\/pages\/25\/revisions\/517"}],"wp:featuredmedia":[{"embeddable":true,"href":"https:\/\/bogensportverband-salzburg.at\/index.php?rest_route=\/wp\/v2\/media\/69"}],"wp:attachment":[{"href":"https:\/\/bogensportverband-salzburg.at\/index.php?rest_route=%2Fwp%2Fv2%2Fmedia&parent=25"}],"curies":[{"name":"wp","href":"https:\/\/api.w.org\/{rel}","templated":true}]}}