{"id":2,"date":"2020-03-04T18:51:04","date_gmt":"2020-03-04T17:51:04","guid":{"rendered":"https:\/\/bogensportverband-salzburg.at\/?page_id=2"},"modified":"2025-11-15T10:19:18","modified_gmt":"2025-11-15T09:19:18","slug":"beispiel-seite","status":"publish","type":"page","link":"https:\/\/bogensportverband-salzburg.at\/?page_id=2","title":{"rendered":"Vorstand"},"content":{"rendered":"\n<p>Ingrid Ronacher<br>Pr\u00e4sidentin<br>Tel. +43 664 1000181<br>ingrid@der-fotoigel.at<\/p>\n\n\n\n<p>Erich Sch\u00f6ber<br>Vizepr\u00e4sident<\/p>\n\n\n\n<p>Igor Zuparic-Pavkic<br>Schriftf\u00fchrer<\/p>\n\n\n\n<p>Corinna Bauer<br>Kassierin<br>kassier-sbsv@outlook.at<br><br>Markus Klampfer<br>3D Beauftragter<\/p>\n\n\n\n<p>Thomas Url<br>Scheiben Beauftrager<\/p>\n\n\n\n<p>Petra Holzmannstetter<br>Jugendbeauftragte<\/p>\n\n\n\n<p>Oliver Monod-Roider<br>Pressebauftragter<br>presse.sbsv@outlook.com<br><br><\/p>\n\n\n\n<figure class=\"wp-block-gallery has-nested-images columns-default is-cropped wp-block-gallery-1 is-layout-flex wp-block-gallery-is-layout-flex\">\n<figure class=\"wp-block-image size-large\"><img loading=\"lazy\" decoding=\"async\" width=\"1024\" height=\"768\" data-id=\"276\" src=\"https:\/\/bogensportverband-salzburg.at\/wp-content\/uploads\/2022\/08\/20220823_211651-1024x768.jpg\" alt=\"\" class=\"wp-image-276\" srcset=\"https:\/\/bogensportverband-salzburg.at\/wp-content\/uploads\/2022\/08\/20220823_211651-1024x768.jpg 1024w, https:\/\/bogensportverband-salzburg.at\/wp-content\/uploads\/2022\/08\/20220823_211651-300x225.jpg 300w, https:\/\/bogensportverband-salzburg.at\/wp-content\/uploads\/2022\/08\/20220823_211651-768x576.jpg 768w, https:\/\/bogensportverband-salzburg.at\/wp-content\/uploads\/2022\/08\/20220823_211651-1536x1152.jpg 1536w, https:\/\/bogensportverband-salzburg.at\/wp-content\/uploads\/2022\/08\/20220823_211651-2048x1536.jpg 2048w, https:\/\/bogensportverband-salzburg.at\/wp-content\/uploads\/2022\/08\/20220823_211651-1600x1200.jpg 1600w\" sizes=\"auto, (max-width: 1024px) 100vw, 1024px\" \/><\/figure>\n<\/figure>\n","protected":false},"excerpt":{"rendered":"<p>Ingrid RonacherPr\u00e4sidentinTel. +43 664 1000181ingrid@der-fotoigel.at Erich Sch\u00f6berVizepr\u00e4sident Igor Zuparic-PavkicSchriftf\u00fchrer Corinna BauerKassierinkassier-sbsv@outlook.at Markus Klampfer3D Beauftragter Thomas UrlScheiben Beauftrager Petra HolzmannstetterJugendbeauftragte Oliver&hellip;<\/p>\n","protected":false},"author":1,"featured_media":69,"parent":0,"menu_order":0,"comment_status":"closed","ping_status":"open","template":"","meta":{"footnotes":""},"class_list":["post-2","page","type-page","status-publish","has-post-thumbnail","hentry"],"_links":{"self":[{"href":"https:\/\/bogensportverband-salzburg.at\/index.php?rest_route=\/wp\/v2\/pages\/2","targetHints":{"allow":["GET"]}}],"collection":[{"href":"https:\/\/bogensportverband-salzburg.at\/index.php?rest_route=\/wp\/v2\/pages"}],"about":[{"href":"https:\/\/bogensportverband-salzburg.at\/index.php?rest_route=\/wp\/v2\/types\/page"}],"author":[{"embeddable":true,"href":"https:\/\/bogensportverband-salzburg.at\/index.php?rest_route=\/wp\/v2\/users\/1"}],"replies":[{"embeddable":true,"href":"https:\/\/bogensportverband-salzburg.at\/index.php?rest_route=%2Fwp%2Fv2%2Fcomments&post=2"}],"version-history":[{"count":7,"href":"https:\/\/bogensportverband-salzburg.at\/index.php?rest_route=\/wp\/v2\/pages\/2\/revisions"}],"predecessor-version":[{"id":516,"href":"https:\/\/bogensportverband-salzburg.at\/index.php?rest_route=\/wp\/v2\/pages\/2\/revisions\/516"}],"wp:featuredmedia":[{"embeddable":true,"href":"https:\/\/bogensportverband-salzburg.at\/index.php?rest_route=\/wp\/v2\/media\/69"}],"wp:attachment":[{"href":"https:\/\/bogensportverband-salzburg.at\/index.php?rest_route=%2Fwp%2Fv2%2Fmedia&parent=2"}],"curies":[{"name":"wp","href":"https:\/\/api.w.org\/{rel}","templated":true}]}}